{"id":624,"date":"2011-05-25T11:04:34","date_gmt":"2011-05-25T09:04:34","guid":{"rendered":"http:\/\/www.kritische-organisationsforschung.de\/wordpress\/?page_id=624"},"modified":"2011-05-25T11:12:00","modified_gmt":"2011-05-25T09:12:00","slug":"programm","status":"publish","type":"page","link":"http:\/\/www.kritische-organisationsforschung.de\/?page_id=624","title":{"rendered":"Programm"},"content":{"rendered":"<p><strong>\u201eFoucault und Organisation\u201c &#8211; 2.Workshop des Forums f\u00fcr Kritische Organisationsforschung<\/strong><strong> <\/strong><\/p>\n<p><strong>18.-20. Mai 2011, Chemnitz, Hotel an der Oper<\/strong><\/p>\n<p><strong> <\/strong><\/p>\n<p><strong> <\/strong><\/p>\n<p><strong>19. Mai <\/strong><\/p>\n<table border=\"1\" cellspacing=\"0\" cellpadding=\"0\">\n<tbody>\n<tr>\n<td width=\"130\" valign=\"top\">9:00 Uhr<\/td>\n<td width=\"484\" valign=\"top\">Begr\u00fc\u00dfung (Ronald Hartz, TU Chemnitz)<\/td>\n<\/tr>\n<tr>\n<td width=\"130\" valign=\"top\">9:15 Uhr<\/td>\n<td width=\"484\" valign=\"top\">Zwischen Organisationskultur und   Organisationsmerkmalen: zeitgen\u00f6ssische Universit\u00e4tsreform und   unternehmerischer Aktivit\u00e4tsmodus (Anna Kosm\u00fctzky \/ Michael Borggr\u00e4fe,   Universit\u00e4t Kassel und DHV Speyer)<\/td>\n<\/tr>\n<tr>\n<td width=\"130\" valign=\"top\">10:00 Uhr<\/td>\n<td width=\"484\" valign=\"top\">Lernservice-Infrastruktur \u2013 cui bono?   Die Re-Organisation des Bildungssystems als Modus einer neoliberalen   Gouvernementalit\u00e4t (Niels Spilker, FU Berlin)<\/td>\n<\/tr>\n<tr>\n<td width=\"130\" valign=\"top\">10:45 \u2013 11:15 Uhr<\/td>\n<td width=\"484\" valign=\"top\">Kaffeepause<\/td>\n<\/tr>\n<tr>\n<td width=\"130\" valign=\"top\">11:15 Uhr<\/td>\n<td width=\"484\" valign=\"top\">Projektmanagement als Regierungsform   (Yannick Kalff, Friedrich-Schiller-Universit\u00e4t Jena)<\/td>\n<\/tr>\n<tr>\n<td width=\"130\" valign=\"top\">12:00 \u2013 13:30 Uhr<\/td>\n<td width=\"484\" valign=\"top\">Mittagspause<\/td>\n<\/tr>\n<tr>\n<td width=\"130\" valign=\"top\">13:30 Uhr<\/td>\n<td width=\"484\" valign=\"top\">Zur Konstitution des   Emotionsarbeiters (Daniela Rastetter, Universit\u00e4t Hamburg)<\/td>\n<\/tr>\n<tr>\n<td width=\"130\" valign=\"top\">14:15 Uhr<\/td>\n<td width=\"484\" valign=\"top\">Diskurs- und Dispositivanalyse am   Beispiel \u201eFrauenquote\u201c (Gertraude Krell, FU Berlin)<\/td>\n<\/tr>\n<tr>\n<td width=\"130\" valign=\"top\">15:00 Uhr<\/td>\n<td width=\"484\" valign=\"top\">\u201eCatch me, if   you can!\u201c, shouts Homo oeconomicus \u2026 (Isabel   Collien, FU Berlin)<\/td>\n<\/tr>\n<tr>\n<td width=\"130\" valign=\"top\">15:45 \u2013 16:15 Uhr<\/td>\n<td width=\"484\" valign=\"top\">Kaffeepause<\/td>\n<\/tr>\n<tr>\n<td width=\"130\" valign=\"top\">16:15<\/td>\n<td width=\"484\" valign=\"top\">Re-constructing   age images in UK and Germany: Corporate and socio-politcal actors&#8216; rhetoric   on age (management) discourses (Barbara Sieben \/ Heike Pantelmann \/ Michael   M\u00fcller-Camen \/ Matt Flynn \/ Heike Schr\u00f6der, FU Berlin und Middlesex   University Business School)<\/td>\n<\/tr>\n<tr>\n<td width=\"130\" valign=\"top\">17:00<\/td>\n<td width=\"484\" valign=\"top\">&#8222;Emancipation   from standards \u2013 Process management in the software<\/p>\n<p>development   and its influence on technical innovations&#8220; (Andrea Fried \/ Ronny Gey \/ Agnieta   Pretorius \/ Lars G\u00fcnther \/ Petrie Coetzee, TU Chemnitz und Tshwne University   of Technology)<\/td>\n<\/tr>\n<tr>\n<td colspan=\"2\" width=\"614\" valign=\"top\">Ende der Vortr\u00e4ge gegen 17:45<\/td>\n<\/tr>\n<tr>\n<td colspan=\"2\" width=\"614\"><strong>Abendessen ab   19:00 Uhr im \u201eKellerhaus Chemnitz\u201c<\/strong><\/td>\n<\/tr>\n<\/tbody>\n<\/table>\n<p><strong>20. Mai<\/strong><\/p>\n<table border=\"1\" cellspacing=\"0\" cellpadding=\"0\" width=\"614\">\n<tbody>\n<tr>\n<td width=\"130\" valign=\"top\">9:00<\/td>\n<td width=\"484\" valign=\"top\">\u201eKritische Dekonstruktion\u201c? \u2013 Ein   paar Gedanken zum kritischen Potential des Sozialkonstruktivismus (Ingo Winkler   , Universit\u00e4t Southern Denmark)<\/td>\n<\/tr>\n<tr>\n<td width=\"130\" valign=\"top\">9:45<\/td>\n<td width=\"484\" valign=\"top\">\u201eAm Ende des Tages ist man immer auf   sich gestellt.\u201cMacht und Widerstand in   Medienunternehmen analysiert aus Sicht der Foucault Perspektive   (Anne-Kristin Lehmann \/ Irma Rybnikova, TU Chemnitz)<\/td>\n<\/tr>\n<tr>\n<td width=\"130\" valign=\"top\">10:30 \u2013 10:45 Uhr<\/td>\n<td width=\"484\" valign=\"top\">Kleine Kaffeepause<\/td>\n<\/tr>\n<tr>\n<td width=\"130\" valign=\"top\">10:45<\/td>\n<td width=\"484\" valign=\"top\">Ausschlie\u00dfung, Einsperrung und   vollkommen Anderes: Schulische Organisationen zwischen Heterotopien und   panoptischen Blicken (Ina Herrmann, Universit\u00e4t Duisburg-Essen)<\/td>\n<\/tr>\n<tr>\n<td width=\"130\" valign=\"top\">11:30 \u2013 12:00 Uhr<\/td>\n<td width=\"484\" valign=\"top\">Abschlussplenum<\/td>\n<\/tr>\n<tr>\n<td width=\"130\" valign=\"top\">Ab 12:00 Uhr<\/td>\n<td width=\"484\" valign=\"top\">Mittagessen und Verabschiedung<\/td>\n<\/tr>\n<\/tbody>\n<\/table>\n","protected":false},"excerpt":{"rendered":"<p>\u201eFoucault und Organisation\u201c &#8211; 2.Workshop des Forums f\u00fcr Kritische Organisationsforschung 18.-20. Mai 2011, Chemnitz, Hotel an der Oper 19. Mai 9:00 Uhr Begr\u00fc\u00dfung (Ronald Hartz, TU Chemnitz) 9:15 Uhr Zwischen Organisationskultur und Organisationsmerkmalen: zeitgen\u00f6ssische&#46;&#46;&#46;<\/p>\n","protected":false},"author":1,"featured_media":0,"parent":271,"menu_order":0,"comment_status":"open","ping_status":"open","template":"","meta":{"spay_email":""},"yoast_head":"<!-- This site is optimized with the Yoast SEO plugin v14.4.1 - https:\/\/yoast.com\/wordpress\/plugins\/seo\/ -->\n<title>Programm - Kritische Organisationsforschung<\/title>\n<meta name=\"robots\" content=\"index, follow\" \/>\n<meta name=\"googlebot\" content=\"index, follow, max-snippet:-1, max-image-preview:large, max-video-preview:-1\" \/>\n<meta name=\"bingbot\" content=\"index, follow, max-snippet:-1, max-image-preview:large, max-video-preview:-1\" \/>\n<link rel=\"canonical\" href=\"http:\/\/www.kritische-organisationsforschung.de\/?page_id=624\" \/>\n<meta property=\"og:locale\" content=\"de_DE\" \/>\n<meta property=\"og:type\" content=\"article\" \/>\n<meta property=\"og:title\" content=\"Programm - Kritische Organisationsforschung\" \/>\n<meta property=\"og:description\" content=\"\u201eFoucault und Organisation\u201c &#8211; 2.Workshop des Forums f\u00fcr Kritische Organisationsforschung 18.-20. Mai 2011, Chemnitz, Hotel an der Oper 19. Mai 9:00 Uhr Begr\u00fc\u00dfung (Ronald Hartz, TU Chemnitz) 9:15 Uhr Zwischen Organisationskultur und Organisationsmerkmalen: zeitgen\u00f6ssische&#046;&#046;&#046;\" \/>\n<meta property=\"og:url\" content=\"http:\/\/www.kritische-organisationsforschung.de\/?page_id=624\" \/>\n<meta property=\"og:site_name\" content=\"Kritische Organisationsforschung\" \/>\n<meta property=\"article:modified_time\" content=\"2011-05-25T09:12:00+00:00\" \/>\n<meta name=\"twitter:card\" content=\"summary_large_image\" \/>\n<script type=\"application\/ld+json\" class=\"yoast-schema-graph\">{\"@context\":\"https:\/\/schema.org\",\"@graph\":[{\"@type\":[\"Person\",\"Organization\"],\"@id\":\"http:\/\/www.kritische-organisationsforschung.de\/#\/schema\/person\/af21231552ccb9e72e80be428f3eb39d\",\"name\":\"Ronald Hartz\",\"image\":{\"@type\":\"ImageObject\",\"@id\":\"http:\/\/www.kritische-organisationsforschung.de\/#personlogo\",\"inLanguage\":\"de\",\"url\":\"http:\/\/0.gravatar.com\/avatar\/624d155aac0712cad634e66552b4f9fe?s=96&d=blank&r=g\",\"caption\":\"Ronald Hartz\"},\"logo\":{\"@id\":\"http:\/\/www.kritische-organisationsforschung.de\/#personlogo\"}},{\"@type\":\"WebSite\",\"@id\":\"http:\/\/www.kritische-organisationsforschung.de\/#website\",\"url\":\"http:\/\/www.kritische-organisationsforschung.de\/\",\"name\":\"Kritische Organisationsforschung\",\"description\":\"a personal blog dedicated to the critical analysis of management, work and organization\",\"publisher\":{\"@id\":\"http:\/\/www.kritische-organisationsforschung.de\/#\/schema\/person\/af21231552ccb9e72e80be428f3eb39d\"},\"potentialAction\":[{\"@type\":\"SearchAction\",\"target\":\"http:\/\/www.kritische-organisationsforschung.de\/?s={search_term_string}\",\"query-input\":\"required name=search_term_string\"}],\"inLanguage\":\"de\"},{\"@type\":\"WebPage\",\"@id\":\"http:\/\/www.kritische-organisationsforschung.de\/?page_id=624#webpage\",\"url\":\"http:\/\/www.kritische-organisationsforschung.de\/?page_id=624\",\"name\":\"Programm - Kritische Organisationsforschung\",\"isPartOf\":{\"@id\":\"http:\/\/www.kritische-organisationsforschung.de\/#website\"},\"datePublished\":\"2011-05-25T09:04:34+00:00\",\"dateModified\":\"2011-05-25T09:12:00+00:00\",\"inLanguage\":\"de\",\"potentialAction\":[{\"@type\":\"ReadAction\",\"target\":[\"http:\/\/www.kritische-organisationsforschung.de\/?page_id=624\"]}]}]}<\/script>\n<!-- \/ Yoast SEO plugin. -->","jetpack_shortlink":"https:\/\/wp.me\/P2DMtA-a4","jetpack_likes_enabled":true,"jetpack-related-posts":[],"_links":{"self":[{"href":"http:\/\/www.kritische-organisationsforschung.de\/index.php?rest_route=\/wp\/v2\/pages\/624"}],"collection":[{"href":"http:\/\/www.kritische-organisationsforschung.de\/index.php?rest_route=\/wp\/v2\/pages"}],"about":[{"href":"http:\/\/www.kritische-organisationsforschung.de\/index.php?rest_route=\/wp\/v2\/types\/page"}],"author":[{"embeddable":true,"href":"http:\/\/www.kritische-organisationsforschung.de\/index.php?rest_route=\/wp\/v2\/users\/1"}],"replies":[{"embeddable":true,"href":"http:\/\/www.kritische-organisationsforschung.de\/index.php?rest_route=%2Fwp%2Fv2%2Fcomments&post=624"}],"version-history":[{"count":4,"href":"http:\/\/www.kritische-organisationsforschung.de\/index.php?rest_route=\/wp\/v2\/pages\/624\/revisions"}],"predecessor-version":[{"id":627,"href":"http:\/\/www.kritische-organisationsforschung.de\/index.php?rest_route=\/wp\/v2\/pages\/624\/revisions\/627"}],"up":[{"embeddable":true,"href":"http:\/\/www.kritische-organisationsforschung.de\/index.php?rest_route=\/wp\/v2\/pages\/271"}],"wp:attachment":[{"href":"http:\/\/www.kritische-organisationsforschung.de\/index.php?rest_route=%2Fwp%2Fv2%2Fmedia&parent=624"}],"curies":[{"name":"wp","href":"https:\/\/api.w.org\/{rel}","templated":true}]}}